{"id":33,"date":"2022-10-10T15:17:48","date_gmt":"2022-10-10T15:17:48","guid":{"rendered":"https:\/\/eurasia.is\/?page_id=33"},"modified":"2023-03-13T16:09:08","modified_gmt":"2023-03-13T16:09:08","slug":"about-us","status":"publish","type":"page","link":"https:\/\/eurasia.is\/de_DE\/about-us\/","title":{"rendered":"\u00dcber uns"},"content":{"rendered":"\n<div class=\"wp-block-media-text alignwide has-media-on-the-right is-stacked-on-mobile is-vertically-aligned-center is-image-fill has-background has-small-font-size\" style=\"background-color:#f1f5c7;grid-template-columns:auto 40%\"><div class=\"wp-block-media-text__content\">\n<p class=\"mt20 has-medium-font-size\">Unser Unternehmen spezialisiert auf den Gro\u00dfhandel mit neuen Energie- und Haushaltselektronikprodukten, die mit modernsten Technologien ausgestattet sind.<\/p>\n<\/div><figure class=\"wp-block-media-text__media\" style=\"background-image:url(https:\/\/eurasia.is\/wp-content\/uploads\/2023\/02\/photovoltaic-photovoltaic-system-solar-system-2138992-1024x674.jpg);background-position:50% 50%\"><img loading=\"lazy\" decoding=\"async\" width=\"1024\" height=\"674\" src=\"https:\/\/eurasia.is\/wp-content\/uploads\/2023\/02\/photovoltaic-photovoltaic-system-solar-system-2138992-1024x674.jpg\" alt=\"photovoltaic, photovoltaic system, solar system-2138992.jpg\" class=\"wp-image-189 size-large\" srcset=\"https:\/\/eurasia.is\/wp-content\/uploads\/2023\/02\/photovoltaic-photovoltaic-system-solar-system-2138992-1024x674.jpg 1024w, https:\/\/eurasia.is\/wp-content\/uploads\/2023\/02\/photovoltaic-photovoltaic-system-solar-system-2138992-300x197.jpg 300w, https:\/\/eurasia.is\/wp-content\/uploads\/2023\/02\/photovoltaic-photovoltaic-system-solar-system-2138992-768x505.jpg 768w, https:\/\/eurasia.is\/wp-content\/uploads\/2023\/02\/photovoltaic-photovoltaic-system-solar-system-2138992.jpg 1280w\" sizes=\"auto, (max-width: 1024px) 100vw, 1024px\" \/><\/figure><\/div>\n\n\n\n<div style=\"height:20px\" aria-hidden=\"true\" class=\"wp-block-spacer\"><\/div>\n\n\n\n<div class=\"wp-block-media-text alignwide is-stacked-on-mobile is-vertically-aligned-center is-image-fill has-background\" style=\"background-color:#fffdea;grid-template-columns:41% auto\"><figure class=\"wp-block-media-text__media\" style=\"background-image:url(https:\/\/eurasia.is\/wp-content\/uploads\/2023\/02\/\u5ead\u966271-1024x683.jpg);background-position:50% 50%\"><img loading=\"lazy\" decoding=\"async\" width=\"1024\" height=\"683\" src=\"https:\/\/eurasia.is\/wp-content\/uploads\/2023\/02\/\u5ead\u966271-1024x683.jpg\" alt=\"\u5ead\u96627(1)\" class=\"wp-image-233 size-large\" srcset=\"https:\/\/eurasia.is\/wp-content\/uploads\/2023\/02\/\u5ead\u966271-1024x683.jpg 1024w, https:\/\/eurasia.is\/wp-content\/uploads\/2023\/02\/\u5ead\u966271-300x200.jpg 300w, https:\/\/eurasia.is\/wp-content\/uploads\/2023\/02\/\u5ead\u966271-768x512.jpg 768w, https:\/\/eurasia.is\/wp-content\/uploads\/2023\/02\/\u5ead\u966271-1536x1024.jpg 1536w, https:\/\/eurasia.is\/wp-content\/uploads\/2023\/02\/\u5ead\u966271-2048x1365.jpg 2048w, https:\/\/eurasia.is\/wp-content\/uploads\/2023\/02\/\u5ead\u966271-2000x1333.jpg 2000w\" sizes=\"auto, (max-width: 1024px) 100vw, 1024px\" \/><\/figure><div class=\"wp-block-media-text__content\">\n<p class=\"mt20 has-medium-font-size\">Wir sind voller Neugier und Vertrauen in die zuk\u00fcnftige Anwendung von Solar- und KI-Technologie in Haushaltsprodukten, die das Leben der Menschen verbessern.<\/p>\n<\/div><\/div>\n\n\n\n<div style=\"height:40px\" aria-hidden=\"true\" class=\"wp-block-spacer\"><\/div>\n\n\n\n<div class=\"wp-block-uagb-call-to-action uagb-block-5719bde2 wp-block-button\"><div class=\"uagb-cta__wrap\"><h2 class=\"uagb-cta__title\">Produkte<\/h2><p class=\"uagb-cta__desc\">Unsere Produkte bieten innovative Energiel\u00f6sungen f\u00fcr das moderne Leben. \u00dcbernehmen Sie mit unseren hochwertigen und zuverl\u00e4ssigen Produkten die Kontrolle \u00fcber Ihre Energienutzung.<\/p><\/div><div class=\"uagb-cta__buttons\"><a href=\"https:\/\/eurasia.is\/de_DE\/products\/\" class=\"uagb-cta__button-link-wrapper wp-block-button__link\" target=\"_self\" rel=\"noopener noreferrer\">Read More<\/a><\/div><\/div>\n\n\n\n<div style=\"height:30px\" aria-hidden=\"true\" class=\"wp-block-spacer\"><\/div>\n\n\n\n<div class=\"wp-block-uagb-call-to-action uagb-block-4e8722eb\"><div class=\"uagb-cta__wrap\"><h2 class=\"uagb-cta__title\">Services<\/h2><p class=\"uagb-cta__desc\">Unser Lager in M\u00f6nchengladbach erm\u00f6glicht effiziente Lieferungen in ganz Deutschland und Europa.<\/p><\/div><div class=\"uagb-cta__buttons\"><\/div><\/div>\n","protected":false},"excerpt":{"rendered":"<p><!-- wp:media-text {\"mediaPosition\":\"right\",\"mediaId\":189,\"mediaLink\":\"https:\/\/eurasia.is\/photovoltaic-photovoltaic-system-solar-system-2138992\/\",\"mediaType\":\"image\",\"mediaWidth\":40,\"mediaSizeSlug\":\"large\",\"verticalAlignment\":\"center\",\"imageFill\":tru...\n<\/p>\n","protected":false},"author":2,"featured_media":319,"parent":0,"menu_order":0,"comment_status":"closed","ping_status":"closed","template":"","meta":{"_seopress_robots_primary_cat":"","_seopress_titles_title":"About Eurasia Intellispeed &amp; Co.","_seopress_titles_desc":"We are the company specializing in the wholesale of new energy and household electronic products. We are full of curiosity and confidence in the future application of Solar and AI technology in household products, which makes human life better.","_seopress_robots_index":"","_uag_custom_page_level_css":"","footnotes":""},"class_list":["post-33","page","type-page","status-publish","has-post-thumbnail","hentry"],"uagb_featured_image_src":{"full":["https:\/\/eurasia.is\/wp-content\/uploads\/2023\/03\/IMG_2270-scaled.jpeg",2560,1707,false],"thumbnail":["https:\/\/eurasia.is\/wp-content\/uploads\/2023\/03\/IMG_2270-150x150.jpeg",150,150,true],"medium":["https:\/\/eurasia.is\/wp-content\/uploads\/2023\/03\/IMG_2270-300x200.jpeg",300,200,true],"medium_large":["https:\/\/eurasia.is\/wp-content\/uploads\/2023\/03\/IMG_2270-768x512.jpeg",768,512,true],"large":["https:\/\/eurasia.is\/wp-content\/uploads\/2023\/03\/IMG_2270-1024x683.jpeg",950,634,true],"1536x1536":["https:\/\/eurasia.is\/wp-content\/uploads\/2023\/03\/IMG_2270-1536x1024.jpeg",1536,1024,true],"2048x2048":["https:\/\/eurasia.is\/wp-content\/uploads\/2023\/03\/IMG_2270-2048x1365.jpeg",2048,1365,true],"inspiro-featured-image":["https:\/\/eurasia.is\/wp-content\/uploads\/2023\/03\/IMG_2270-2000x1333.jpeg",2000,1333,true],"inspiro-loop":["https:\/\/eurasia.is\/wp-content\/uploads\/2023\/03\/IMG_2270-950x320.jpeg",950,320,true],"inspiro-loop@2x":["https:\/\/eurasia.is\/wp-content\/uploads\/2023\/03\/IMG_2270-1900x640.jpeg",1900,640,true]},"uagb_author_info":{"display_name":"Edison Min","author_link":"https:\/\/eurasia.is\/de_DE\/author\/edison-min\/"},"uagb_comment_info":0,"uagb_excerpt":null,"_links":{"self":[{"href":"https:\/\/eurasia.is\/de_DE\/wp-json\/wp\/v2\/pages\/33","targetHints":{"allow":["GET"]}}],"collection":[{"href":"https:\/\/eurasia.is\/de_DE\/wp-json\/wp\/v2\/pages"}],"about":[{"href":"https:\/\/eurasia.is\/de_DE\/wp-json\/wp\/v2\/types\/page"}],"author":[{"embeddable":true,"href":"https:\/\/eurasia.is\/de_DE\/wp-json\/wp\/v2\/users\/2"}],"replies":[{"embeddable":true,"href":"https:\/\/eurasia.is\/de_DE\/wp-json\/wp\/v2\/comments?post=33"}],"version-history":[{"count":30,"href":"https:\/\/eurasia.is\/de_DE\/wp-json\/wp\/v2\/pages\/33\/revisions"}],"predecessor-version":[{"id":341,"href":"https:\/\/eurasia.is\/de_DE\/wp-json\/wp\/v2\/pages\/33\/revisions\/341"}],"wp:featuredmedia":[{"embeddable":true,"href":"https:\/\/eurasia.is\/de_DE\/wp-json\/wp\/v2\/media\/319"}],"wp:attachment":[{"href":"https:\/\/eurasia.is\/de_DE\/wp-json\/wp\/v2\/media?parent=33"}],"curies":[{"name":"wp","href":"https:\/\/api.w.org\/{rel}","templated":true}]}}